{"id":14650,"date":"2025-02-10T14:30:42","date_gmt":"2025-02-10T11:30:42","guid":{"rendered":"https:\/\/moormobility.com\/lieferung-der-ausruestung\/"},"modified":"2025-03-25T21:49:14","modified_gmt":"2025-03-25T18:49:14","slug":"lieferung-der-ausruestung","status":"publish","type":"page","link":"https:\/\/moormobility.com\/de\/lieferung-der-ausruestung\/","title":{"rendered":"Lieferung der Ausr\u00fcstung"},"content":{"rendered":"\t\t<div data-elementor-type=\"wp-page\" data-elementor-id=\"14650\" class=\"elementor elementor-14650 elementor-11401\" data-elementor-post-type=\"page\">\n\t\t\t\t<div class=\"elementor-element elementor-element-5dfaeb4b e-con-full e-flex e-con e-parent\" data-id=\"5dfaeb4b\" data-element_type=\"container\" data-e-type=\"container\">\n\t\t<div class=\"elementor-element elementor-element-17fd5054 e-flex e-con-boxed e-con e-child\" data-id=\"17fd5054\" data-element_type=\"container\" data-e-type=\"container\">\n\t\t\t\t\t<div class=\"e-con-inner\">\n\t\t\t\t<div class=\"elementor-element elementor-element-52bce8da animated-slow elementor-widget elementor-widget-text-editor\" data-id=\"52bce8da\" data-element_type=\"widget\" data-e-type=\"widget\" data-settings=\"{&quot;_animation&quot;:&quot;none&quot;,&quot;_animation_delay&quot;:400}\" data-widget_type=\"text-editor.default\">\n\t\t\t\t<div class=\"elementor-widget-container\">\n\t\t\t\t\t\t\t\t\t<p><img decoding=\"async\" src=\"https:\/\/moormobility.com\/wp-content\/uploads\/2018\/11\/moormobility.png\" alt=\"Moor\" title=\"\"><\/p><h1>Bester Anbieter von Mobilit\u00e4tshilfen in Istanbul<\/h1><h2>Lieferung der Ausr\u00fcstung<\/h2>\t\t\t\t\t\t\t\t<\/div>\n\t\t\t\t<\/div>\n\t\t\t\t\t<\/div>\n\t\t\t\t<\/div>\n\t\t\t\t<\/div>\n\t\t<div class=\"elementor-element elementor-element-68a1de43 e-con-full e-flex e-con e-parent\" data-id=\"68a1de43\" data-element_type=\"container\" data-e-type=\"container\">\n\t\t\t\t<div class=\"elementor-element elementor-element-2f97ad19 elementor-view-default elementor-widget elementor-widget-icon\" data-id=\"2f97ad19\" data-element_type=\"widget\" data-e-type=\"widget\" data-widget_type=\"icon.default\">\n\t\t\t\t<div class=\"elementor-widget-container\">\n\t\t\t\t\t\t\t<div class=\"elementor-icon-wrapper\">\n\t\t\t<div class=\"elementor-icon\">\n\t\t\t<i aria-hidden=\"true\" class=\"fas fa-angle-down\"><\/i>\t\t\t<\/div>\n\t\t<\/div>\n\t\t\t\t\t\t<\/div>\n\t\t\t\t<\/div>\n\t\t\t\t<\/div>\n\t\t<div class=\"elementor-element elementor-element-1cd955b7 e-con-full e-flex e-con e-parent\" data-id=\"1cd955b7\" data-element_type=\"container\" data-e-type=\"container\">\n\t\t<div class=\"elementor-element elementor-element-13cc1165 e-flex e-con-boxed e-con e-child\" data-id=\"13cc1165\" data-element_type=\"container\" data-e-type=\"container\">\n\t\t\t\t\t<div class=\"e-con-inner\">\n\t\t\t\t<div class=\"elementor-element elementor-element-13b6bd61 animated-slow elementor-widget elementor-widget-text-editor\" data-id=\"13b6bd61\" data-element_type=\"widget\" data-e-type=\"widget\" data-settings=\"{&quot;_animation&quot;:&quot;none&quot;,&quot;_animation_delay&quot;:400}\" data-widget_type=\"text-editor.default\">\n\t\t\t\t<div class=\"elementor-widget-container\">\n\t\t\t\t\t\t\t\t\t<h2>Erforderliche Informationen f\u00fcr eine Buchung<\/h2>\t\t\t\t\t\t\t\t<\/div>\n\t\t\t\t<\/div>\n\t\t\t\t\t<\/div>\n\t\t\t\t<\/div>\n\t\t\t\t<\/div>\n\t\t<div class=\"elementor-element elementor-element-1c5b65e e-flex e-con-boxed e-con e-parent\" data-id=\"1c5b65e\" data-element_type=\"container\" data-e-type=\"container\">\n\t\t\t\t\t<div class=\"e-con-inner\">\n\t\t\t\t<div class=\"elementor-element elementor-element-8be8d6a elementor-icon-list--layout-traditional elementor-list-item-link-full_width elementor-widget elementor-widget-icon-list\" data-id=\"8be8d6a\" data-element_type=\"widget\" data-e-type=\"widget\" data-widget_type=\"icon-list.default\">\n\t\t\t\t<div class=\"elementor-widget-container\">\n\t\t\t\t\t\t\t<ul class=\"elementor-icon-list-items\">\n\t\t\t\t\t\t\t<li class=\"elementor-icon-list-item\">\n\t\t\t\t\t\t\t\t\t\t\t<span class=\"elementor-icon-list-icon\">\n\t\t\t\t\t\t\t<i aria-hidden=\"true\" class=\"fas fa-check\"><\/i>\t\t\t\t\t\t<\/span>\n\t\t\t\t\t\t\t\t\t\t<span class=\"elementor-icon-list-text\">Name der Zielunterkunft. Zum Beispiel: Name des Hotels <\/span>\n\t\t\t\t\t\t\t\t\t<\/li>\n\t\t\t\t\t\t\t\t<li class=\"elementor-icon-list-item\">\n\t\t\t\t\t\t\t\t\t\t\t<span class=\"elementor-icon-list-icon\">\n\t\t\t\t\t\t\t<i aria-hidden=\"true\" class=\"fas fa-check\"><\/i>\t\t\t\t\t\t<\/span>\n\t\t\t\t\t\t\t\t\t\t<span class=\"elementor-icon-list-text\">Adresse der Zielunterkunft. Zum Beispiel: Hoteladresse <\/span>\n\t\t\t\t\t\t\t\t\t<\/li>\n\t\t\t\t\t\t\t\t<li class=\"elementor-icon-list-item\">\n\t\t\t\t\t\t\t\t\t\t\t<span class=\"elementor-icon-list-icon\">\n\t\t\t\t\t\t\t<i aria-hidden=\"true\" class=\"fas fa-check\"><\/i>\t\t\t\t\t\t<\/span>\n\t\t\t\t\t\t\t\t\t\t<span class=\"elementor-icon-list-text\">Buchungsnummer der Unterkunft (falls vorhanden)<\/span>\n\t\t\t\t\t\t\t\t\t<\/li>\n\t\t\t\t\t\t\t\t<li class=\"elementor-icon-list-item\">\n\t\t\t\t\t\t\t\t\t\t\t<span class=\"elementor-icon-list-icon\">\n\t\t\t\t\t\t\t<i aria-hidden=\"true\" class=\"fas fa-check\"><\/i>\t\t\t\t\t\t<\/span>\n\t\t\t\t\t\t\t\t\t\t<span class=\"elementor-icon-list-text\">Name der Unterkunftsbuchung (der Name, unter dem die Buchung vorgenommen wird)<\/span>\n\t\t\t\t\t\t\t\t\t<\/li>\n\t\t\t\t\t\t\t\t<li class=\"elementor-icon-list-item\">\n\t\t\t\t\t\t\t\t\t\t\t<span class=\"elementor-icon-list-icon\">\n\t\t\t\t\t\t\t<i aria-hidden=\"true\" class=\"fas fa-check\"><\/i>\t\t\t\t\t\t<\/span>\n\t\t\t\t\t\t\t\t\t\t<span class=\"elementor-icon-list-text\">Datum und Uhrzeit der Ankunft<\/span>\n\t\t\t\t\t\t\t\t\t<\/li>\n\t\t\t\t\t\t\t\t<li class=\"elementor-icon-list-item\">\n\t\t\t\t\t\t\t\t\t\t\t<span class=\"elementor-icon-list-icon\">\n\t\t\t\t\t\t\t<i aria-hidden=\"true\" class=\"fas fa-check\"><\/i>\t\t\t\t\t\t<\/span>\n\t\t\t\t\t\t\t\t\t\t<span class=\"elementor-icon-list-text\">Datum und Uhrzeit der Abreise<\/span>\n\t\t\t\t\t\t\t\t\t<\/li>\n\t\t\t\t\t\t\t\t<li class=\"elementor-icon-list-item\">\n\t\t\t\t\t\t\t\t\t\t\t<span class=\"elementor-icon-list-icon\">\n\t\t\t\t\t\t\t<i aria-hidden=\"true\" class=\"fas fa-check\"><\/i>\t\t\t\t\t\t<\/span>\n\t\t\t\t\t\t\t\t\t\t<span class=\"elementor-icon-list-text\">Flugnummern (falls zutreffend)<\/span>\n\t\t\t\t\t\t\t\t\t<\/li>\n\t\t\t\t\t\t<\/ul>\n\t\t\t\t\t\t<\/div>\n\t\t\t\t<\/div>\n\t\t\t\t\t<\/div>\n\t\t\t\t<\/div>\n\t\t<div class=\"elementor-element elementor-element-24c7259 e-flex e-con-boxed e-con e-parent\" data-id=\"24c7259\" data-element_type=\"container\" data-e-type=\"container\">\n\t\t\t\t\t<div class=\"e-con-inner\">\n\t\t\t\t<div class=\"elementor-element elementor-element-70fcfde elementor-widget elementor-widget-text-editor\" data-id=\"70fcfde\" data-element_type=\"widget\" data-e-type=\"widget\" data-widget_type=\"text-editor.default\">\n\t\t\t\t<div class=\"elementor-widget-container\">\n\t\t\t\t\t\t\t\t\t<p><span style=\"color: #000000; font-family: arial, helvetica, sans-serif;\">Die Ausr\u00fcstung wird von unserem Lieferanten an Ihre Zielunterkunft gem\u00e4\u00df den Ankunftsanweisungen (Datum, Uhrzeit und Flugnummern &#8211; falls zutreffend) geliefert, die Sie bei der Buchung angegeben haben. Die Buchungsreferenznummer\/der Name der Unterkunft ist f\u00fcr unseren Lieferanten bei der Lieferung der Ausr\u00fcstung wichtig, um sicherzustellen, dass die Ausr\u00fcstung in das richtige Zimmer geliefert wird. <\/span><\/p><p><span style=\"color: #000000; font-family: arial, helvetica, sans-serif;\"><strong>Bitte beachten Sie:<\/strong> &#8211; Es werden alle Anstrengungen unternommen, um Ihre Ausr\u00fcstung bei Ihrer Ankunft zu liefern. Wenn sich der Lieferant aus irgendeinem Grund versp\u00e4tet und die Ausr\u00fcstung nicht da ist, sollte sie kurz nach Ihrer Ankunft eintreffen. Bitte haben Sie etwas Geduld, bevor Sie sich an unser B\u00fcro wenden.  <\/span><\/p>\t\t\t\t\t\t\t\t<\/div>\n\t\t\t\t<\/div>\n\t\t\t\t\t<\/div>\n\t\t\t\t<\/div>\n\t\t\t\t<\/div>\n\t\t","protected":false},"excerpt":{"rendered":"<p>Bester Anbieter von Mobilit\u00e4tshilfen in Istanbul Lieferung der Ausr\u00fcstung Erforderliche Informationen f\u00fcr eine Buchung Name der Zielunterkunft. Zum Beispiel: Name des Hotels Adresse der Zielunterkunft. Zum Beispiel: Hoteladresse Buchungsnummer der Unterkunft (falls vorhanden) Name der Unterkunftsbuchung (der Name, unter dem die Buchung vorgenommen wird) Datum und Uhrzeit der Ankunft Datum und Uhrzeit der Abreise Flugnummern [&hellip;]<\/p>\n","protected":false},"author":1,"featured_media":0,"parent":0,"menu_order":0,"comment_status":"closed","ping_status":"closed","template":"template-blank.php","meta":{"_eb_attr":"","footnotes":""},"class_list":["post-14650","page","type-page","status-publish","has-post-thumbnail","hentry"],"_links":{"self":[{"href":"https:\/\/moormobility.com\/de\/wp-json\/wp\/v2\/pages\/14650","targetHints":{"allow":["GET"]}}],"collection":[{"href":"https:\/\/moormobility.com\/de\/wp-json\/wp\/v2\/pages"}],"about":[{"href":"https:\/\/moormobility.com\/de\/wp-json\/wp\/v2\/types\/page"}],"author":[{"embeddable":true,"href":"https:\/\/moormobility.com\/de\/wp-json\/wp\/v2\/users\/1"}],"replies":[{"embeddable":true,"href":"https:\/\/moormobility.com\/de\/wp-json\/wp\/v2\/comments?post=14650"}],"version-history":[{"count":0,"href":"https:\/\/moormobility.com\/de\/wp-json\/wp\/v2\/pages\/14650\/revisions"}],"wp:attachment":[{"href":"https:\/\/moormobility.com\/de\/wp-json\/wp\/v2\/media?parent=14650"}],"curies":[{"name":"wp","href":"https:\/\/api.w.org\/{rel}","templated":true}]}}