{"id":14077,"date":"2018-11-21T10:07:20","date_gmt":"2018-11-21T07:07:20","guid":{"rendered":"https:\/\/moormobility.com\/location-dequipements-pour-les-personnes-handicapees-a-istanbul\/"},"modified":"2025-07-15T16:08:36","modified_gmt":"2025-07-15T13:08:36","slug":"location-dequipements-pour-les-personnes-handicapees-a-istanbul","status":"publish","type":"page","link":"https:\/\/moormobility.com\/fr\/location-dequipements-pour-les-personnes-handicapees-a-istanbul\/","title":{"rendered":"location d&rsquo;\u00e9quipements pour les personnes handicap\u00e9es \u00e0 istanbul"},"content":{"rendered":"","protected":false},"excerpt":{"rendered":"","protected":false},"author":1,"featured_media":0,"parent":0,"menu_order":0,"comment_status":"closed","ping_status":"closed","template":"template-cars-search.php","meta":{"_eb_attr":"","footnotes":""},"class_list":["post-14077","page","type-page","status-publish","has-post-thumbnail","hentry"],"_links":{"self":[{"href":"https:\/\/moormobility.com\/fr\/wp-json\/wp\/v2\/pages\/14077","targetHints":{"allow":["GET"]}}],"collection":[{"href":"https:\/\/moormobility.com\/fr\/wp-json\/wp\/v2\/pages"}],"about":[{"href":"https:\/\/moormobility.com\/fr\/wp-json\/wp\/v2\/types\/page"}],"author":[{"embeddable":true,"href":"https:\/\/moormobility.com\/fr\/wp-json\/wp\/v2\/users\/1"}],"replies":[{"embeddable":true,"href":"https:\/\/moormobility.com\/fr\/wp-json\/wp\/v2\/comments?post=14077"}],"version-history":[{"count":1,"href":"https:\/\/moormobility.com\/fr\/wp-json\/wp\/v2\/pages\/14077\/revisions"}],"predecessor-version":[{"id":17349,"href":"https:\/\/moormobility.com\/fr\/wp-json\/wp\/v2\/pages\/14077\/revisions\/17349"}],"wp:attachment":[{"href":"https:\/\/moormobility.com\/fr\/wp-json\/wp\/v2\/media?parent=14077"}],"curies":[{"name":"wp","href":"https:\/\/api.w.org\/{rel}","templated":true}]}}